{"id":17292,"date":"2020-09-14T07:35:23","date_gmt":"2020-09-14T07:35:23","guid":{"rendered":"https:\/\/www.alpfaint.com.tr\/demo\/?post_type=product&#038;p=17292"},"modified":"2020-09-14T07:38:23","modified_gmt":"2020-09-14T07:38:23","slug":"pastry-carrier","status":"publish","type":"product","link":"https:\/\/www.alpfaint.com.tr\/tr\/urun\/pastry-carrier\/","title":{"rendered":"Pasta Ta\u015f\u0131ma \u00dcr\u00fcnleri"},"content":{"rendered":"","protected":false},"excerpt":{"rendered":"<p><strong>30305 h: 11 cm 336 x 336 x 110 mm 18 PCS 0,087<\/strong><\/p>\n<p><strong>30306 h: 15 cm 336 x 336 x 115 mm 12 PCS 0,073<\/strong><\/p>\n<p>Color Options<img loading=\"lazy\" src=\"https:\/\/www.alpfaint.com.tr\/demo\/wp-content\/uploads\/2020\/09\/renk3.jpg\" alt=\"\" width=\"140\" height=\"129\" class=\"alignnone wp-image-17290\" \/><\/p>","protected":false},"featured_media":17293,"template":"","meta":[],"_links":{"self":[{"href":"https:\/\/www.alpfaint.com.tr\/tr\/wp-json\/wp\/v2\/product\/17292"}],"collection":[{"href":"https:\/\/www.alpfaint.com.tr\/tr\/wp-json\/wp\/v2\/product"}],"about":[{"href":"https:\/\/www.alpfaint.com.tr\/tr\/wp-json\/wp\/v2\/types\/product"}],"wp:featuredmedia":[{"embeddable":true,"href":"https:\/\/www.alpfaint.com.tr\/tr\/wp-json\/wp\/v2\/media\/17293"}],"wp:attachment":[{"href":"https:\/\/www.alpfaint.com.tr\/tr\/wp-json\/wp\/v2\/media?parent=17292"}],"curies":[{"name":"wp","href":"https:\/\/api.w.org\/{rel}","templated":true}]}}