{"id":1339,"date":"2017-10-16T13:54:07","date_gmt":"2017-10-16T13:54:07","guid":{"rendered":"http:\/\/ninzio.com\/startflow\/?page_id=1339"},"modified":"2020-09-28T08:12:14","modified_gmt":"2020-09-28T08:12:14","slug":"contact-us","status":"publish","type":"page","link":"https:\/\/www.alpfaint.com.tr\/tr\/contact-us\/","title":{"rendered":"\u0130leti\u015fim"},"content":{"rendered":"<div class=\"vc-custom-col-spacing clearfix vc-col-spacing-30\"><section class=\"wpb_row vc_row-fluid vc_custom_1561343375398 vc_row-has-fill\"><div class=\"startflow-container\"><div class=\"row-inner clearfix\"><div class=\"wpb_column vc_column_container vc_col-sm-12\"><div class=\"vc_column-inner\"><div class=\"wpb_wrapper\">\r\n\t<div class=\"startflow-spacer clearfix\" data-desktop=\"100\" data-mobi=\"60\" data-smobi=\"60\"><\/div><div class=\"startflow-content-box clearfix\" ><div class=\"vc-custom-col-inner-spacing clearfix vc-col-inner-spacing-30\"><div class=\"wpb_row vc_inner vc_row-fluid\"><div class=\"wpb_column vc_column_container vc_col-sm-6\"><div class=\"vc_column-inner\"><div class=\"wpb_wrapper\">\r\n\t<div class=\"startflow-spacer clearfix\" data-desktop=\"40\" data-mobi=\"0\" data-smobi=\"0\"><\/div><div class=\"startflow-single-heading clearfix\" style=\"margin-bottom:20px;\"><span class=\"inner\"><span class=\"heading clearfix\" style=\"color:#ffffff;font-size:20px;\">\r\n\t\tSize nas\u0131l yard\u0131mc\u0131 olabiliriz ?\r\n\t<\/span><\/span><\/div><div class=\"startflow-headings clearfix\"  style=\"\"><h2 class=\"heading clearfix\" style=\"color:#ffffff;max-width:500px;margin-bottom:12px;\">\r\n\t\tBirlikte i\u015f orta\u011f\u0131 olal\u0131m!\r\n\t<\/h2><p class=\"sub-heading clearfix\" style=\"font-style:normal;color:#cacaca;font-size:16px;line-height:29px;max-width:480px;\">\r\n\t\tSize en k\u0131sa s\u00fcre i\u00e7erisinde d\u00f6n\u00fc\u015f yapaca\u011f\u0131z.\r\n\t<\/p><\/div>\r\n\t<div class=\"startflow-spacer clearfix\" data-desktop=\"50\" data-mobi=\"30\" data-smobi=\"30\"><\/div><div class=\"startflow-content-box clearfix\" data-padding=\"0px 0px 20px 0px\" data-mobipadding=\"0px 0px 20px 0px\" data-margin=\"0px 30px 0px 0px\" data-mobimargin=\"0px 0px 0px 0px\" >\r\n\t\t<div class=\"inner ctb-370241121\" style=\"\"  data-background=\"\" data-border-color=\"rgba(231,231,231,0.2)\" data-border-width=\"0px 0px 1px 0px\" data-shadow-hover=\" 0px 20px 70px 0px rgba(0,0,0,0.05)\">\r\n\t\t\t<div class=\"startflow-icon-box clearfix icon-left align-left  simple\" style=\"\" ><div class=\"wrap-inner\" style=\"position: relative;\"><div class=\"startflow-icon icon-1753577336 custom custom\"  data-icon=\"#ffffff\" data-background=\"\">\r\n\t\t\t\t<span class=\"icon\" style=\"font-size:65px;width:58px;height:65px;border-style:solid;line-height:65px;\"><i class=\"pe-7s-map-2\"><\/i><\/span>\r\n\t\t\t<\/div> <h3 class=\"heading  white\" style=\"padding-left:90px;color:#ffffff;font-size:18px;padding-top:10px;\">\r\n\t\t\t<span>Ofis<\/span>\r\n\t\t<\/h3><div class=\"desc\" style=\"padding-left:90px;color:#cacaca;\"><div style=\"font-size: 16px;\">Alsancak Mah. Atat\u00fcrk Cad. No:336 K.1 D.1<br \/>\nOnart Apt. 35220<br \/>\nKONAK \u2013 IZMIR \/ TURKEY<\/div>\n<\/div> <\/div><\/div>\r\n\t\t<\/div>\r\n\t<\/div><div class=\"startflow-content-box clearfix\" data-padding=\"20px 0px 20px 0px\" data-mobipadding=\"20px 0px 20px 0px\" data-margin=\"0px 30px 0px 0px\" data-mobimargin=\"0px 0px 0px 0px\" >\r\n\t\t<div class=\"inner ctb-1686611482\" style=\"\"  data-background=\"\" data-border-color=\"rgba(231,231,231,0.2)\" data-border-width=\"0px 0px 1px 0px\" data-shadow-hover=\" 0px 20px 70px 0px rgba(0,0,0,0.05)\">\r\n\t\t\t<div class=\"startflow-icon-box clearfix icon-left align-left  simple\" style=\"\" ><div class=\"wrap-inner\" style=\"position: relative;\"><div class=\"startflow-icon icon-1266304345 custom custom\"  data-icon=\"#ffffff\" data-background=\"\">\r\n\t\t\t\t<span class=\"icon\" style=\"font-size:65px;width:58px;height:65px;border-style:solid;line-height:65px;\"><i class=\"pe-7s-comment\"><\/i><\/span>\r\n\t\t\t<\/div> <h3 class=\"heading  white\" style=\"padding-left:90px;color:#ffffff;font-size:18px;padding-top:10px;\">\r\n\t\t\t<span>Telefon<\/span>\r\n\t\t<\/h3><div class=\"desc\" style=\"padding-left:90px;color:#cacaca;\"><div style=\"font-size: 16px;\">+90 232 465 0101<\/div>\n<\/div> <\/div><\/div>\r\n\t\t<\/div>\r\n\t<\/div><div class=\"startflow-content-box clearfix\" data-padding=\"20px 0px 0px 0px\" data-mobipadding=\"20px 0px 0px 0px\" data-margin=\"0px 30px 0px 0px\" data-mobimargin=\"0px 0px 0px 0px\" >\r\n\t\t<div class=\"inner ctb-1203619646\" style=\"\"  data-background=\"\" data-shadow-hover=\" 0px 20px 70px 0px rgba(0,0,0,0.05)\">\r\n\t\t\t<div class=\"startflow-icon-box clearfix icon-left align-left  simple\" style=\"\" ><div class=\"wrap-inner\" style=\"position: relative;\"><div class=\"startflow-icon icon-166272904 custom custom\"  data-icon=\"#ffffff\" data-background=\"\">\r\n\t\t\t\t<span class=\"icon\" style=\"font-size:65px;width:58px;height:65px;border-style:solid;line-height:65px;\"><i class=\"pe-7s-mail-open-file\"><\/i><\/span>\r\n\t\t\t<\/div> <h3 class=\"heading  white\" style=\"padding-left:90px;color:#ffffff;font-size:18px;padding-top:10px;\">\r\n\t\t\t<span>E-mail<\/span>\r\n\t\t<\/h3><div class=\"desc\" style=\"padding-left:90px;color:#cacaca;\"><div style=\"font-size: 16px;\">info@alpfaint.com.tr<\/div>\n<\/div> <\/div><\/div>\r\n\t\t<\/div>\r\n\t<\/div>\r\n\t<div class=\"startflow-spacer clearfix\" data-desktop=\"0\" data-mobi=\"45\" data-smobi=\"45\"><\/div><\/div><\/div><\/div><div class=\"wpb_column vc_column_container vc_col-sm-6\"><div class=\"vc_column-inner\"><div class=\"wpb_wrapper\"><div class=\"startflow-content-box clearfix  wow fadeInRight\" data-padding=\"60px 80px 70px\" data-mobipadding=\"50px 80px 70px\" data-margin=\"\" data-mobimargin=\"\"  data-wow-duration=\"0.75s\" data-wow-delay=\"0.3s\">\r\n\t\t<div class=\"inner ctb-52548879\" style=\"\"  data-background=\"#ffffff\" data-rounded=\"8px\">\r\n\t\t\t<div class=\"startflow-headings clearfix text-center\" data-font=28 style=\"\"><h2 class=\"heading clearfix\" style=\"margin-bottom:25px;font-size:28px;\">\r\n\t\t\u0130leti\u015fim Formu\r\n\t<\/h2><p class=\"sub-heading clearfix\" style=\"font-style:normal;font-size:14px;line-height:22px;max-width:410px;margin-left: auto; margin-right: auto;\">\r\n\t\tL\u00fctfen formdaki bilgileri eksiksiz doldurun...\r\n\t<\/p><\/div>\r\n\t<div class=\"startflow-spacer clearfix\" data-desktop=\"43\" data-mobi=\"30\" data-smobi=\"30\"><\/div><div role=\"form\" class=\"wpcf7\" id=\"wpcf7-f4437-o1\" lang=\"en-US\" dir=\"ltr\">\n<div class=\"screen-reader-response\" aria-live=\"polite\"><\/div>\n<form action=\"\/tr\/wp-json\/wp\/v2\/pages\/1339#wpcf7-f4437-o1\" method=\"post\" class=\"wpcf7-form\" novalidate=\"novalidate\" data-trp-original-action=\"\/tr\/wp-json\/wp\/v2\/pages\/1339#wpcf7-f4437-o1\">\n<div style=\"display: none;\">\n<input type=\"hidden\" name=\"_wpcf7\" value=\"4437\" \/>\n<input type=\"hidden\" name=\"_wpcf7_version\" value=\"5.1.9\" \/>\n<input type=\"hidden\" name=\"_wpcf7_locale\" value=\"en_US\" \/>\n<input type=\"hidden\" name=\"_wpcf7_unit_tag\" value=\"wpcf7-f4437-o1\" \/>\n<input type=\"hidden\" name=\"_wpcf7_container_post\" value=\"0\" \/>\n<\/div>\n<div class=\"cf7-style-1 button-center\">\n<div class=\"name-wrap\"><span class=\"wpcf7-form-control-wrap your-name\"><input type=\"text\" name=\"your-name\" value=\"\" size=\"40\" class=\"wpcf7-form-control wpcf7-text wpcf7-validates-as-required\" aria-required=\"true\" aria-invalid=\"false\" placeholder=\"Ad\u0131n\u0131z Soyad\u0131n\u0131z\" \/><\/span><\/div>\n<div class=\"email-wrap\"><span class=\"wpcf7-form-control-wrap your-email\"><input type=\"email\" name=\"your-email\" value=\"\" size=\"40\" class=\"wpcf7-form-control wpcf7-text wpcf7-email wpcf7-validates-as-required wpcf7-validates-as-email\" aria-required=\"true\" aria-invalid=\"false\" placeholder=\"Email\" \/><\/span><\/div>\n<div class=\"name-wrap\"><span class=\"wpcf7-form-control-wrap your-phone\"><input type=\"text\" name=\"your-phone\" value=\"\" size=\"40\" class=\"wpcf7-form-control wpcf7-text wpcf7-validates-as-required\" aria-required=\"true\" aria-invalid=\"false\" placeholder=\"Telefon\" \/><\/span><\/div>\n<div class=\"message-wrap\"><span class=\"wpcf7-form-control-wrap your-message\"><textarea name=\"your-message\" cols=\"40\" rows=\"10\" class=\"wpcf7-form-control wpcf7-textarea\" aria-invalid=\"false\" placeholder=\"Mesaj\u0131n\u0131z\"><\/textarea><\/span><\/div>\n<div class=\"submit-wrap\"><span><input type=\"submit\" value=\"G\u00f6nder\" class=\"wpcf7-form-control wpcf7-submit\" \/><\/span><\/div>\n<\/div>\n<div class=\"wpcf7-response-output wpcf7-display-none\" aria-hidden=\"true\"><\/div><input type=\"hidden\" name=\"trp-form-language\" value=\"tr\"\/><\/form><\/div>\r\n\t\t<\/div>\r\n\t<\/div><\/div><\/div><\/div><\/div><\/div><\/div>\r\n\t<div class=\"startflow-spacer clearfix\" data-desktop=\"100\" data-mobi=\"60\" data-smobi=\"60\"><\/div><\/div><\/div><\/div><\/div><\/div><\/section><\/div>","protected":false},"excerpt":{"rendered":"Need our help? Let's discuss your case and how can we help you We will get back to you for your business needs! Office Address Alsancak Mah. Atat\u00fcrk Cad. No:336 K.1 D.1 Onart Apt. 35220 KONAK \u2013 IZMIR \/ TURKEY Our Telephones +90 232 465 0101 Our Emails info@alpfaint.com.tr Get","protected":false},"author":1,"featured_media":0,"parent":0,"menu_order":0,"comment_status":"closed","ping_status":"closed","template":"","meta":[],"_links":{"self":[{"href":"https:\/\/www.alpfaint.com.tr\/tr\/wp-json\/wp\/v2\/pages\/1339"}],"collection":[{"href":"https:\/\/www.alpfaint.com.tr\/tr\/wp-json\/wp\/v2\/pages"}],"about":[{"href":"https:\/\/www.alpfaint.com.tr\/tr\/wp-json\/wp\/v2\/types\/page"}],"author":[{"embeddable":true,"href":"https:\/\/www.alpfaint.com.tr\/tr\/wp-json\/wp\/v2\/users\/1"}],"replies":[{"embeddable":true,"href":"https:\/\/www.alpfaint.com.tr\/tr\/wp-json\/wp\/v2\/comments?post=1339"}],"version-history":[{"count":3,"href":"https:\/\/www.alpfaint.com.tr\/tr\/wp-json\/wp\/v2\/pages\/1339\/revisions"}],"predecessor-version":[{"id":17417,"href":"https:\/\/www.alpfaint.com.tr\/tr\/wp-json\/wp\/v2\/pages\/1339\/revisions\/17417"}],"wp:attachment":[{"href":"https:\/\/www.alpfaint.com.tr\/tr\/wp-json\/wp\/v2\/media?parent=1339"}],"curies":[{"name":"wp","href":"https:\/\/api.w.org\/{rel}","templated":true}]}}