{"id":1316,"date":"2017-10-16T04:10:26","date_gmt":"2017-10-16T04:10:26","guid":{"rendered":"http:\/\/ninzio.com\/startflow\/?page_id=1316"},"modified":"2020-11-05T12:30:45","modified_gmt":"2020-11-05T12:30:45","slug":"about-us","status":"publish","type":"page","link":"https:\/\/www.alpfaint.com.tr\/tr\/about-us\/","title":{"rendered":"Kurumsal"},"content":{"rendered":"<div class=\"vc-custom-col-spacing clearfix vc-col-spacing-30\"><section class=\"wpb_row vc_row-fluid\"><div class=\"startflow-container\"><div class=\"row-inner clearfix\"><div class=\"wpb_column vc_column_container vc_col-sm-12\"><div class=\"vc_column-inner\"><div class=\"wpb_wrapper\">\r\n\t<div class=\"startflow-spacer clearfix\" data-desktop=\"67\" data-mobi=\"60\" data-smobi=\"60\"><\/div><\/div><\/div><\/div><\/div><\/div><\/section><\/div><div class=\"vc-custom-col-spacing clearfix vc-col-spacing-30\"><section class=\"wpb_row vc_row-fluid col-aside-img\"><div class=\"startflow-container\"><div class=\"row-inner clearfix\"><div class=\"wpb_column vc_column_container vc_col-sm-6\"><div class=\"vc_column-inner\"><div class=\"wpb_wrapper\">\r\n\t<div class=\"startflow-spacer clearfix\" data-desktop=\"73\" data-mobi=\"0\" data-smobi=\"0\"><\/div><div class=\"startflow-single-heading clearfix\" style=\"margin-bottom:20px;\"><span class=\"inner\"><span class=\"heading clearfix  accent\" style=\"font-size:20px;\">\r\n\t\tKurumsal\r\n\t<\/span><\/span><\/div><div class=\"startflow-headings clearfix\"  style=\"\"><h2 class=\"heading clearfix translation-block\" style=\"margin-bottom:12px;\">Alpfa International, 2017 y\u0131l\u0131nda plastik ev gere\u00e7leri \u00fcreticilerinin \u00f6nc\u00fclerinden Alpfa Gmbh firmas\u0131n\u0131n sat\u0131n alma i\u015flemleri ve Alpfa GmbH firmas\u0131n\u0131n \u00fcretti\u011fi plastik ev gere\u00e7leri ve kek kal\u0131plar\u0131n\u0131 Avrupa ve Orta Do\u011fu pazar\u0131 ile bulu\u015fturmak misyonu ile T\u00fcrkiye \u015fubesi olarak \u0130zmir de kurulmu\u015ftur.<\/h2><p class=\"sub-heading clearfix\" style=\"font-style:normal;font-size:16px;line-height:29px;max-width:540px;\">\r\n\t\tAlmanya z\u00fcccaciye pazar\u0131na uygun \u00fcr\u00fcn, tedarik\u00e7i ara\u015ft\u0131r\u0131lmas\u0131 ve uygun \u00fcreticinin tespit edilmesinin yan\u0131 s\u0131ra, Alpfa GmbH firmas\u0131n\u0131n \u00fcretti\u011fi \u00fcr\u00fcnlerin T\u00fcrkiye ve Avrupa, Orta Do\u011fu pazar\u0131yla bulu\u015fturulmas\u0131 konusunda gerekli fizibilite \u00e7al\u0131\u015fmalar\u0131n\u0131 ger\u00e7ekle\u015ftirmektedir.<\/p>\n<p>.\r\n\t<\/p><\/div>\r\n\t<div class=\"startflow-spacer clearfix\" data-desktop=\"45\" data-mobi=\"30\" data-smobi=\"30\"><\/div><\/div><\/div><\/div><div class=\"wpb_column vc_column_container vc_col-sm-6\"><div class=\"vc_column-inner\"><div class=\"wpb_wrapper\"><\/div><\/div><\/div><\/div><\/div><div class=\"image-container img-parallax vc_col-sm-6 aside-right\" style=\"top:0px\"><div class=\"inner  wow fadeInRight\" style=\"left:0px\"><img src=\"https:\/\/www.alpfaint.com.tr\/wp-content\/uploads\/2020\/11\/img-kurumsal.png\" data-parallax='{\"x\" : 0, \"y\" : 0}' alt=\"Image\"><\/div><\/div><\/section><\/div><div class=\"vc-custom-col-spacing clearfix vc-col-spacing-0px\"><section class=\"wpb_row vc_row-fluid vc_custom_1561698919026 vc_row-has-fill\"><div class=\"startflow-container\"><div class=\"row-inner clearfix\"><div class=\"wpb_column vc_column_container vc_col-sm-12\"><div class=\"vc_column-inner\"><div class=\"wpb_wrapper\">\r\n\t<div class=\"startflow-spacer clearfix\" data-desktop=\"40\" data-mobi=\"40\" data-smobi=\"40\"><\/div><div class=\"startflow-content-box clearfix\" ><div class=\"vc-custom-col-inner-spacing clearfix vc-col-inner-spacing-30\"><div class=\"wpb_row vc_inner vc_row-fluid\"><div class=\"wpb_column vc_column_container vc_col-sm-6\"><div class=\"vc_column-inner\"><div class=\"wpb_wrapper\">\r\n\t<div class=\"startflow-spacer clearfix\" data-desktop=\"50\" data-mobi=\"20\" data-smobi=\"20\"><\/div><div class=\"startflow-parallax-box text-center\" style=\"top:50px;\"><div style=\"display: inline-block;\" data-parallax='{\"x\" : 0, \"y\" : -50}'><div class=\"startflow-simple-image text-center\" style=\"\" >\r\n\t\t\t<img alt=\"image\" src=\"https:\/\/www.alpfaint.com.tr\/wp-content\/uploads\/2019\/06\/img-36.png\" \/> \r\n\t\t<\/div><\/div><\/div>\r\n\t<div class=\"startflow-spacer clearfix\" data-desktop=\"0\" data-mobi=\"35\" data-smobi=\"35\"><\/div><\/div><\/div><\/div><div class=\"wpb_column vc_column_container vc_col-sm-6\"><div class=\"vc_column-inner\"><div class=\"wpb_wrapper\">\r\n\t<div class=\"startflow-spacer clearfix\" data-desktop=\"100\" data-mobi=\"0\" data-smobi=\"0\"><\/div><div class=\"startflow-single-heading clearfix\" style=\"margin-bottom:20px;\"><span class=\"inner\"><span class=\"heading clearfix  accent\" style=\"font-size:20px;\">\r\n\t\tKurumsal \u0130\u015f Ortaklar\u0131yla K\u00fcresel Olarak \u00c7al\u0131\u015f\u0131yoruz!\r\n\t<\/span><\/span><\/div><div class=\"startflow-headings clearfix\"  style=\"\"><p class=\"sub-heading clearfix\" style=\"font-style:normal;font-size:16px;line-height:29px;max-width:540px;\">\r\n\t\t2018 y\u0131l\u0131ndan bu yana, Alpfa GmbH\u2019nin \u00fcretimini ger\u00e7ekle\u015ftirdi\u011fi Fisko markal\u0131 kek kal\u0131plar\u0131n\u0131 T\u00fcrkiye pazar\u0131yla bulu\u015fturan Alpfa International, sat\u0131\u015f a\u011f\u0131n\u0131 hem T\u00fcrkiye hem de Avrupa pazar\u0131nda geni\u015fletmeye devam etmektedir.<\/p>\n<p>Alman \u00fcr\u00fcnlerinin sat\u0131\u015f a\u011f\u0131n\u0131n geni\u015fletilmesinin yan\u0131 s\u0131ra Alpfa International T\u00fcrk \u00fcreticilerinin \u00fcr\u00fcnlerini de Avrupa pazar\u0131 ile bulu\u015fturarak, T\u00fcrk \u00fcreticilerin belli ba\u015fl\u0131 pazarlarda aktif gelmesini katk\u0131 da bulunmaktad\u0131r.<\/p>\n<p>2017 y\u0131l\u0131ndan bu yana, sat\u0131n alma ve Pazar ara\u015ft\u0131rmas\u0131 misyonu ile kurulan Alpfa international, kendi bilgi, birikim ve m\u00fc\u015fteri taleplerine dayanarak \u00fcr\u00fcn gruplar\u0131n\u0131 olu\u015fturmu\u015f ve zaman i\u00e7inde geni\u015fletmeyi ba\u015farm\u0131\u015ft\u0131r. Alpfa International firmas\u0131n\u0131n sat\u0131\u015f\u0131na devam etti\u011fi \u00fcr\u00fcn gruplar\u0131 aras\u0131nda plastik ev gere\u00e7leri, kek kal\u0131plar\u0131, \u00fct\u00fc masalar\u0131 ve kurutmal\u0131k yer almaktad\u0131r.<br \/>\nUzun s\u00fcredir ger\u00e7ekle\u015ftirdi\u011fi ara\u015ft\u0131rmalar sonucunda, \u00fcr\u00fcn gam\u0131na cam z\u00fcccaciye grubunu da en k\u0131sa s\u00fcrede dahil edip, T\u00fcrkiye ve \u00f6zellikle Avrupa pazar\u0131yla bulu\u015fturmaya haz\u0131rlanmaktad\u0131r.\r\n\t<\/p><\/div>\r\n\t<div class=\"startflow-spacer clearfix\" data-desktop=\"35\" data-mobi=\"35\" data-smobi=\"35\"><\/div><\/div><\/div><\/div><\/div><\/div><\/div>\r\n\t<div class=\"startflow-spacer clearfix\" data-desktop=\"100\" data-mobi=\"60\" data-smobi=\"60\"><\/div><\/div><\/div><\/div><\/div><\/div><\/section><\/div>","protected":false},"excerpt":{"rendered":"About Us Alpfa International Ltd Sti, has been founded in 2017 by aiming at directing purchases of Alpfa Germany and spreading business area of both companies. In 2017, Alpfa International has only focused on purchasing items defined requirements by Alpfa Gmbh from several manufacturers in Turkey. In the meantime, Alpfa","protected":false},"author":1,"featured_media":0,"parent":0,"menu_order":0,"comment_status":"closed","ping_status":"closed","template":"","meta":[],"_links":{"self":[{"href":"https:\/\/www.alpfaint.com.tr\/tr\/wp-json\/wp\/v2\/pages\/1316"}],"collection":[{"href":"https:\/\/www.alpfaint.com.tr\/tr\/wp-json\/wp\/v2\/pages"}],"about":[{"href":"https:\/\/www.alpfaint.com.tr\/tr\/wp-json\/wp\/v2\/types\/page"}],"author":[{"embeddable":true,"href":"https:\/\/www.alpfaint.com.tr\/tr\/wp-json\/wp\/v2\/users\/1"}],"replies":[{"embeddable":true,"href":"https:\/\/www.alpfaint.com.tr\/tr\/wp-json\/wp\/v2\/comments?post=1316"}],"version-history":[{"count":5,"href":"https:\/\/www.alpfaint.com.tr\/tr\/wp-json\/wp\/v2\/pages\/1316\/revisions"}],"predecessor-version":[{"id":17473,"href":"https:\/\/www.alpfaint.com.tr\/tr\/wp-json\/wp\/v2\/pages\/1316\/revisions\/17473"}],"wp:attachment":[{"href":"https:\/\/www.alpfaint.com.tr\/tr\/wp-json\/wp\/v2\/media?parent=1316"}],"curies":[{"name":"wp","href":"https:\/\/api.w.org\/{rel}","templated":true}]}}