{"id":10112,"date":"2019-06-24T08:35:20","date_gmt":"2019-06-24T08:35:20","guid":{"rendered":"http:\/\/ninzio.com\/startflow\/?page_id=10112"},"modified":"2020-11-05T12:26:50","modified_gmt":"2020-11-05T12:26:50","slug":"home-startup-it","status":"publish","type":"page","link":"https:\/\/www.alpfaint.com.tr\/tr\/","title":{"rendered":"Home Startup IT"},"content":{"rendered":"<div class=\"vc-custom-col-spacing clearfix vc-col-spacing-30\"><section class=\"wpb_row vc_row-fluid vc_row-o-equal-height vc_row-flex no-padding\"><div class=\"row-inner clearfix\"><div class=\"wpb_column vc_column_container vc_col-sm-12\"><div class=\"vc_column-inner\"><div class=\"wpb_wrapper\"><div class=\"startflow-simple-image text-center\" style=\"\" >\r\n\t\t\t<img alt=\"image\" src=\"https:\/\/www.alpfaint.com.tr\/wp-content\/uploads\/2020\/11\/slidev3.jpg\" \/> \r\n\t\t<\/div><\/div><\/div><\/div><\/div><\/section><\/div><div class=\"vc-custom-col-spacing clearfix vc-col-spacing-0px\"><section class=\"wpb_row vc_row-fluid vc_custom_1602256289781 vc_row-has-fill\"><div class=\"startflow-container\"><div class=\"row-inner clearfix\"><div class=\"wpb_column vc_column_container vc_col-sm-12\"><div class=\"vc_column-inner\"><div class=\"wpb_wrapper\"><div class=\"vc_empty_space\"   style=\"height: 60px\"><span class=\"vc_empty_space_inner\"><\/span><\/div><div class=\"startflow-simple-image text-center wow fadeInUp\" style=\"\"  data-wow-duration=\"0.75s\" data-wow-delay=\"0.3s\">\r\n\t\t\t<img alt=\"image\" src=\"https:\/\/www.alpfaint.com.tr\/wp-content\/uploads\/2020\/11\/biz-kimiz.png\" \/> \r\n\t\t<\/div><div class=\"vc_empty_space\"   style=\"height: 32px\"><span class=\"vc_empty_space_inner\"><\/span><\/div>\n\t<div class=\"wpb_text_column wpb_content_element\" >\n\t\t<div class=\"wpb_wrapper\">\n\t\t\t<h3 class=\" translation-block\">Alpfa International, 2017 y\u0131l\u0131nda plastik ev gere\u00e7leri \u00fcreticilerinin \u00f6nc\u00fclerinden Alpfa Gmbh firmas\u0131n\u0131n sat\u0131n alma i\u015flemleri ve Alpfa GmbH firmas\u0131n\u0131n \u00fcretti\u011fi plastik ev gere\u00e7leri ve kek kal\u0131plar\u0131n\u0131 Avrupa ve Orta Do\u011fu pazar\u0131 ile bulu\u015fturmak misyonu ile T\u00fcrkiye \u015fubesi olarak \u0130zmir de kurulmu\u015ftur.<\/h3>\n\n\t\t<\/div>\n\t<\/div>\n<div class=\"startflow-headings clearfix\"  style=\"\"><div class=\"sep accent clearfix\" style=\"width:70px;height:2px;\"><\/div><p class=\"sub-heading clearfix\" style=\"font-style:normal;font-size:16px;line-height:29px;\">\r\n\t\tAlmanya z\u00fcccaciye pazar\u0131na uygun \u00fcr\u00fcn, tedarik\u00e7i ara\u015ft\u0131r\u0131lmas\u0131 ve uygun \u00fcreticinin tespit edilmesinin yan\u0131 s\u0131ra, Alpfa GmbH firmas\u0131n\u0131n \u00fcretti\u011fi \u00fcr\u00fcnlerin T\u00fcrkiye ve Avrupa, Orta Do\u011fu pazar\u0131yla bulu\u015fturulmas\u0131 konusunda gerekli fizibilite \u00e7al\u0131\u015fmalar\u0131n\u0131 ger\u00e7ekle\u015ftirmektedir.\r\n\t<\/p><\/div>\r\n\t<div class=\"startflow-spacer clearfix\" data-desktop=\"42\" data-mobi=\"30\" data-smobi=\"30\"><\/div><div class=\"button-wrap icon-right\" style=\"\" ><a href=\"https:\/\/www.alpfaint.com.tr\/tr\/about-us\/\" target=\"_self\" class=\"startflow-button btn-2091499446 medium no_icon accent custom\" style=\"border-radius:3px;\"  data-text=\"#ffffff\" data-text-hover=\"#ffffff\" data-background-hover=\"#071e57\">\r\n\t\t<span style=\"\">Ke\u015ffet! <\/span>\r\n\t<\/a><\/div>\r\n\t<div class=\"startflow-spacer clearfix\" data-desktop=\"220\" data-mobi=\"60\" data-smobi=\"60\"><\/div><\/div><\/div><\/div><\/div><\/div><\/section><\/div><div class=\"vc-custom-col-spacing clearfix vc-col-spacing-30\"><section class=\"wpb_row vc_row-fluid vc_custom_1602258954836 vc_row-has-fill\"><div class=\"startflow-container\"><div class=\"row-inner clearfix\"><div class=\"wpb_column vc_column_container vc_col-sm-12\"><div class=\"vc_column-inner\"><div class=\"wpb_wrapper\">\r\n\t<div class=\"startflow-spacer clearfix\" data-desktop=\"40\" data-mobi=\"40\" data-smobi=\"40\"><\/div><\/div><\/div><\/div><\/div><\/div><\/section><\/div><div class=\"vc-custom-col-spacing clearfix vc-col-spacing-10\"><section class=\"wpb_row vc_row-fluid vc_custom_1602258890891 vc_row-has-fill col-aside-img\"><div class=\"startflow-container\"><div class=\"row-inner clearfix\"><div class=\"wpb_column vc_column_container vc_col-sm-6\"><div class=\"vc_column-inner\"><div class=\"wpb_wrapper\"><\/div><\/div><\/div><div class=\"wpb_column vc_column_container vc_col-sm-6\"><div class=\"vc_column-inner\"><div class=\"wpb_wrapper\">\r\n\t<div class=\"startflow-spacer clearfix\" data-desktop=\"140\" data-mobi=\"0\" data-smobi=\"0\"><\/div><div class=\"startflow-single-heading clearfix\" style=\"margin-bottom:20px;\"><span class=\"inner\"><span class=\"heading clearfix  accent\" style=\"font-size:20px;\">\r\n\t\tAlpfa International\r\n\t<\/span><\/span><\/div><div class=\"startflow-headings clearfix\"  style=\"\"><h2 class=\"heading clearfix\" style=\"margin-bottom:12px;\">\r\n\t\tKurumsal \u0130\u015f Ortaklar\u0131yla K\u00fcresel Olarak \u00c7al\u0131\u015f\u0131yoruz!\r\n\t<\/h2><p class=\"sub-heading clearfix\" style=\"font-style:normal;font-size:16px;line-height:29px;\">\r\n\t\t2018 y\u0131l\u0131ndan bu yana, Alpfa GmbH\u2019nin \u00fcretimini ger\u00e7ekle\u015ftirdi\u011fi Fisko markal\u0131 kek kal\u0131plar\u0131n\u0131 T\u00fcrkiye pazar\u0131yla bulu\u015fturan Alpfa International, sat\u0131\u015f a\u011f\u0131n\u0131 hem T\u00fcrkiye hem de Avrupa pazar\u0131nda geni\u015fletmeye devam etmektedir.\r\n\t<\/p><\/div>\r\n\t<div class=\"startflow-spacer clearfix\" data-desktop=\"42\" data-mobi=\"30\" data-smobi=\"30\"><\/div><div class=\"button-wrap icon-right\" style=\"\" ><a href=\"https:\/\/www.alpfaint.com.tr\/tr\/shop\/\" target=\"_self\" class=\"startflow-button btn-396488501 medium no_icon accent custom\" style=\"border-radius:3px;\"  data-text=\"#ffffff\" data-text-hover=\"#ffffff\" data-background-hover=\"#071e57\">\r\n\t\t<span style=\"\">Ke\u015ffet! <\/span>\r\n\t<\/a><\/div>\r\n\t<div class=\"startflow-spacer clearfix\" data-desktop=\"210\" data-mobi=\"60\" data-smobi=\"60\"><\/div><\/div><\/div><\/div><\/div><\/div><div class=\"image-container img-parallax vc_col-sm-6 aside-left\" style=\"top:0px\"><div class=\"inner  wow fadeInLeft\" style=\"right:0px\"><img src=\"https:\/\/www.alpfaint.com.tr\/wp-content\/uploads\/2020\/10\/karte2.jpg\" data-parallax='{\"x\" : 0, \"y\" : 0}' alt=\"Image\"><\/div><\/div><\/section><\/div><div class=\"vc-custom-col-spacing clearfix vc-col-spacing-30\"><section class=\"wpb_row vc_row-fluid vc_custom_1560564934572 vc_row-has-fill\"><div class=\"startflow-container\"><div class=\"row-inner clearfix\"><div class=\"wpb_column vc_column_container vc_col-sm-12\"><div class=\"vc_column-inner\"><div class=\"wpb_wrapper\">\r\n\t<div class=\"startflow-spacer clearfix\" data-desktop=\"80\" data-mobi=\"60\" data-smobi=\"60\"><\/div><div class=\"startflow-action-box\" style=\"\">\r\n\t\t<div class=\"inner\">\r\n\t<div class=\"heading-wrap\" style=\"width:60%;\">\r\n\t\t<h2 class=\"heading\" style=\"color:#ffffff;margin:0px 0px 12px 0px;max-width:800px;\">\r\n\t\t\tBirlikte \u00e7al\u0131\u015fal\u0131m!\r\n\t\t<\/h2>\r\n\t\t\r\n\t<div class=\"subheading-wrap\">\r\n\t\t<div style=\"font-weight:400;color:#ffffff;font-size:18px;line-height:29px;max-width:550px;\">\r\n\t\t\tD\u00fcnya \u00e7ap\u0131ndaki \u015firketler ve giri\u015fimlerle \u00e7al\u0131\u015f\u0131yoruz. Bizimle \u00e7al\u0131\u015fmak ister misiniz?\r\n\t\t<\/div>\r\n\t<\/div>\r\n\t<\/div><div class=\"url-wrap\" style=\"width:40%;\">\r\n\t\t\t<a target=\"no\" class=\"startflow-button medium btn-461584428 accent\" href=\"https:\/\/www.alpfaint.com.tr\/tr\/contact-us\/\" style=\"border-radius:3px;\"  data-text=\"#ffffff\"><span>Teklif al\u0131n!<\/span><\/a>\r\n\t\t<\/div><\/div>\r\n\t<\/div><div class=\"vc_empty_space\"   style=\"height: 32px\"><span class=\"vc_empty_space_inner\"><\/span><\/div><div class=\"vc_empty_space\"   style=\"height: 32px\"><span class=\"vc_empty_space_inner\"><\/span><\/div><\/div><\/div><\/div><\/div><\/div><\/section><\/div>","protected":false},"excerpt":{"rendered":"Alpfa International Ltd Sti, has been founded in 2017 by aiming at directing purchases of Alpfa Germany and spreading business area of both companies. In 2017, Alpfa International has only focused on purchasing items defined requirements by Alpfa Gmbh from several manufacturers in Turkey. In the meantime, Alpfa International has","protected":false},"author":1,"featured_media":0,"parent":0,"menu_order":0,"comment_status":"closed","ping_status":"closed","template":"","meta":[],"_links":{"self":[{"href":"https:\/\/www.alpfaint.com.tr\/tr\/wp-json\/wp\/v2\/pages\/10112"}],"collection":[{"href":"https:\/\/www.alpfaint.com.tr\/tr\/wp-json\/wp\/v2\/pages"}],"about":[{"href":"https:\/\/www.alpfaint.com.tr\/tr\/wp-json\/wp\/v2\/types\/page"}],"author":[{"embeddable":true,"href":"https:\/\/www.alpfaint.com.tr\/tr\/wp-json\/wp\/v2\/users\/1"}],"replies":[{"embeddable":true,"href":"https:\/\/www.alpfaint.com.tr\/tr\/wp-json\/wp\/v2\/comments?post=10112"}],"version-history":[{"count":40,"href":"https:\/\/www.alpfaint.com.tr\/tr\/wp-json\/wp\/v2\/pages\/10112\/revisions"}],"predecessor-version":[{"id":17471,"href":"https:\/\/www.alpfaint.com.tr\/tr\/wp-json\/wp\/v2\/pages\/10112\/revisions\/17471"}],"wp:attachment":[{"href":"https:\/\/www.alpfaint.com.tr\/tr\/wp-json\/wp\/v2\/media?parent=10112"}],"curies":[{"name":"wp","href":"https:\/\/api.w.org\/{rel}","templated":true}]}}